{"id":2617,"date":"2025-06-18T15:18:43","date_gmt":"2025-06-18T15:18:43","guid":{"rendered":"https:\/\/luxaurabag.com\/?page_id=2617"},"modified":"2025-06-18T15:18:43","modified_gmt":"2025-06-18T15:18:43","slug":"terms-and-conditions","status":"publish","type":"page","link":"https:\/\/luxaurabag.com\/fr\/terms-and-conditions\/","title":{"rendered":"Conditions g\u00e9n\u00e9rales d'utilisation"},"content":{"rendered":"<style>.wp-block-kadence-advancedheading.kt-adv-heading2617_d067af-3c, .wp-block-kadence-advancedheading.kt-adv-heading2617_d067af-3c[data-kb-block=\"kb-adv-heading2617_d067af-3c\"]{font-style:normal;}.wp-block-kadence-advancedheading.kt-adv-heading2617_d067af-3c mark.kt-highlight, .wp-block-kadence-advancedheading.kt-adv-heading2617_d067af-3c[data-kb-block=\"kb-adv-heading2617_d067af-3c\"] mark.kt-highlight{font-style:normal;color:#f76a0c;-webkit-box-decoration-break:clone;box-decoration-break:clone;padding-top:0px;padding-right:0px;padding-bottom:0px;padding-left:0px;}<\/style>\n<div class=\"kt-adv-heading2617_d067af-3c wp-block-kadence-advancedheading\" data-kb-block=\"kb-adv-heading2617_d067af-3c\">Bienvenue \u00e0 [<a href=\"https:\/\/luxaurabag.com\/fr\/shop\/?wmc-currency=EUR\" data-type=\"page\" data-id=\"2585\">luxaurabag.com<\/a>]. Ce site web et les services offerts sont exploit\u00e9s par\u00a0<strong>Everbright INTERNATIONAL LIMITED<\/strong>\u00a0(\"nous\", \"notre\", \"nos\", \"l'entreprise\").<br>Veuillez lire attentivement les pr\u00e9sentes conditions g\u00e9n\u00e9rales (\"conditions\") avant d'acc\u00e9der \u00e0 notre magasin ou de l'utiliser. En acc\u00e9dant \u00e0 nos services ou en les utilisant, vous acceptez d'\u00eatre li\u00e9 par ces conditions. Si vous n'\u00eates pas d'accord avec l'une ou l'autre partie de ces conditions, vous ne pouvez pas acc\u00e9der \u00e0 nos services ou les utiliser.<br><strong>1. Utilisation de nos services<\/strong><br><br>1.1\u00a0<strong>L'\u00e9ligibilit\u00e9 :<\/strong>\u00a0Vous devez \u00eatre \u00e2g\u00e9 d'au moins 18 ans et avoir la capacit\u00e9 juridique de conclure un contrat contraignant pour utiliser nos services.<br><br>1.2\u00a0<strong>Enregistrement du compte :<\/strong>\u00a0Il peut vous \u00eatre demand\u00e9 de cr\u00e9er un compte pour acc\u00e9der \u00e0 certaines fonctions ou effectuer des achats. Vous \u00eates responsable de la confidentialit\u00e9 des informations relatives \u00e0 votre compte et de toutes les activit\u00e9s qui s'y d\u00e9roulent.<br><strong>2. La propri\u00e9t\u00e9 intellectuelle<\/strong><br><br>2.1\u00a0<strong>Propri\u00e9t\u00e9 :<\/strong>\u00a0L'ensemble du contenu, des marques, des logos et des droits de propri\u00e9t\u00e9 intellectuelle figurant sur notre site web nous appartient ou nous est conc\u00e9d\u00e9 sous licence. Aucun droit ou licence d'utilisation de notre propri\u00e9t\u00e9 intellectuelle n'est accord\u00e9 sans notre consentement \u00e9crit pr\u00e9alable.<br><br>2.2\u00a0<strong>Contenu de l'utilisateur :<\/strong>\u00a0En soumettant tout contenu ou mat\u00e9riel sur notre site web, vous nous accordez un droit non exclusif, libre de redevances, mondial, perp\u00e9tuel et irr\u00e9vocable d'utiliser, de reproduire, de modifier, d'adapter, de publier, de traduire, de distribuer et d'afficher ce contenu dans n'importe quel m\u00e9dia.<br><strong>3. Informations sur les produits et les prix<\/strong><br><br>3.1\u00a0<strong>Description du produit :<\/strong>\u00a0Nous nous effor\u00e7ons de fournir des informations pr\u00e9cises et actualis\u00e9es sur les produits sur notre site web. Toutefois, nous ne garantissons pas que les descriptions de produits, les images ou tout autre contenu de notre site web sont exacts, complets, fiables ou exempts d'erreurs.<br><br>3.2\u00a0<strong>Prix :<\/strong>\u00a0Nous nous effor\u00e7ons de garantir l'exactitude des prix affich\u00e9s sur notre site web. En cas d'erreur de prix, nous nous r\u00e9servons le droit d'annuler ou de refuser toute commande pass\u00e9e au prix incorrect.<br><strong>4. Paiement et remboursement<\/strong><br><br>4.1\u00a0<strong>Traitement des paiements :<\/strong>\u00a0Nous utilisons des processeurs de paiement tiers pour g\u00e9rer les paiements des achats effectu\u00e9s sur notre site web. En effectuant un achat, vous acceptez les conditions g\u00e9n\u00e9rales de l'organisme de paiement concern\u00e9.<br><br>4.2\u00a0<strong>Politique de remboursement :<\/strong>\u00a0Notre politique de remboursement est d\u00e9crite s\u00e9par\u00e9ment dans notre <a href=\"https:\/\/luxaurabag.com\/fr\/refund_returns\/?wmc-currency=EUR\" data-type=\"page\" data-id=\"9\">Politique de remboursement<\/a> document.<br><strong>5. Liens et services de tiers<\/strong><br><br>5.1\u00a0<strong>Liens avec des tiers :<\/strong>\u00a0Notre site web peut contenir des liens vers des sites web ou des services de tiers qui ne sont pas d\u00e9tenus ou contr\u00f4l\u00e9s par nous. Nous n'approuvons pas et ne sommes pas responsables du contenu, des politiques de confidentialit\u00e9 ou des pratiques de ces sites ou services tiers.<br><br>5.2\u00a0<strong>Services de tiers :<\/strong>\u00a0Nous pouvons nous associer \u00e0 des fournisseurs tiers pour offrir certains produits ou services. L'utilisation de ces services tiers est soumise \u00e0 leurs conditions g\u00e9n\u00e9rales respectives.<br><strong>6. Limitation de la responsabilit\u00e9<\/strong><br><br>6.1\u00a0<strong>Avis de non-responsabilit\u00e9 :<\/strong>\u00a0Notre site web et nos services sont fournis \"en l'\u00e9tat\" et \"selon la disponibilit\u00e9\", sans aucune garantie ou repr\u00e9sentation de quelque nature que ce soit.<br><br>6.2\u00a0<strong>Limitation de la responsabilit\u00e9 :<\/strong>\u00a0Dans toute la mesure permise par la loi applicable, nous ne serons pas responsables des dommages indirects, accessoires, sp\u00e9ciaux, cons\u00e9cutifs ou punitifs, y compris, mais sans s'y limiter, la perte de profits, de revenus, de donn\u00e9es ou d'utilisation.<br><strong>7. Droit applicable et r\u00e8glement des litiges<\/strong><br><br>Les pr\u00e9sentes conditions g\u00e9n\u00e9rales et tout accord s\u00e9par\u00e9 par lequel nous vous fournissons des services sont r\u00e9gis et interpr\u00e9t\u00e9s conform\u00e9ment au droit de l'Union europ\u00e9enne.\u00a0<strong>R\u00e9gion administrative sp\u00e9ciale de Hong Kong<\/strong>. Tout litige d\u00e9coulant des pr\u00e9sentes conditions ou en rapport avec celles-ci sera soumis \u00e0 la comp\u00e9tence exclusive des tribunaux de la r\u00e9gion administrative sp\u00e9ciale de Hong Kong.<br><strong>8. Modifications des conditions g\u00e9n\u00e9rales<\/strong><br><br>Nous nous r\u00e9servons le droit de modifier ou de mettre \u00e0 jour ces conditions \u00e0 tout moment et sans pr\u00e9avis. Toutes les modifications seront publi\u00e9es sur notre boutique WordPress, et votre utilisation continue de nos services apr\u00e8s toute modification constitue votre acceptation des conditions r\u00e9vis\u00e9es.<br>Si vous avez des questions ou des pr\u00e9occupations concernant nos conditions g\u00e9n\u00e9rales, veuillez nous contacter \u00e0 l'adresse suivante : [customer@luxaurabag.com].<br><\/div>","protected":false},"excerpt":{"rendered":"<p>Bienvenue sur [luxaurabag.com]. Ce site web et les services offerts sont exploit\u00e9s par Everbright INTERNATIONAL LIMITED (\"nous\", \"notre\", \"nos\", \"l'entreprise\"). Veuillez lire attentivement les pr\u00e9sentes Conditions g\u00e9n\u00e9rales (\"Conditions\") avant d'acc\u00e9der \u00e0 notre magasin ou de l'utiliser. En acc\u00e9dant \u00e0 nos services ou en les utilisant, vous acceptez d'\u00eatre li\u00e9 par ces conditions. Si vous n'\u00eates pas d'accord avec une partie de ces conditions,...<\/p>","protected":false},"author":1,"featured_media":0,"parent":0,"menu_order":0,"comment_status":"closed","ping_status":"closed","template":"","meta":{"_kad_blocks_custom_css":"","_kad_blocks_head_custom_js":"","_kad_blocks_body_custom_js":"","_kad_blocks_footer_custom_js":"","_kad_post_transparent":"","_kad_post_title":"","_kad_post_layout":"","_kad_post_sidebar_id":"","_kad_post_content_style":"","_kad_post_vertical_padding":"","_kad_post_feature":"","_kad_post_feature_position":"","_kad_post_header":false,"_kad_post_footer":false,"footnotes":""},"class_list":["post-2617","page","type-page","status-publish","hentry"],"taxonomy_info":[],"featured_image_src_large":false,"author_info":{"display_name":"Jack koen","author_link":"https:\/\/luxaurabag.com\/fr\/author\/sdwzjt88outlook-com\/"},"comment_info":0,"_links":{"self":[{"href":"https:\/\/luxaurabag.com\/fr\/wp-json\/wp\/v2\/pages\/2617","targetHints":{"allow":["GET"]}}],"collection":[{"href":"https:\/\/luxaurabag.com\/fr\/wp-json\/wp\/v2\/pages"}],"about":[{"href":"https:\/\/luxaurabag.com\/fr\/wp-json\/wp\/v2\/types\/page"}],"author":[{"embeddable":true,"href":"https:\/\/luxaurabag.com\/fr\/wp-json\/wp\/v2\/users\/1"}],"replies":[{"embeddable":true,"href":"https:\/\/luxaurabag.com\/fr\/wp-json\/wp\/v2\/comments?post=2617"}],"version-history":[{"count":1,"href":"https:\/\/luxaurabag.com\/fr\/wp-json\/wp\/v2\/pages\/2617\/revisions"}],"predecessor-version":[{"id":2618,"href":"https:\/\/luxaurabag.com\/fr\/wp-json\/wp\/v2\/pages\/2617\/revisions\/2618"}],"wp:attachment":[{"href":"https:\/\/luxaurabag.com\/fr\/wp-json\/wp\/v2\/media?parent=2617"}],"curies":[{"name":"wp","href":"https:\/\/api.w.org\/{rel}","templated":true}]}}