{"id":3,"date":"2025-06-18T12:27:02","date_gmt":"2025-06-18T12:27:02","guid":{"rendered":"https:\/\/luxaurabag.com\/?page_id=3"},"modified":"2025-06-19T08:49:05","modified_gmt":"2025-06-19T08:49:05","slug":"privacy-policy","status":"publish","type":"page","link":"https:\/\/luxaurabag.com\/fr\/privacy-policy\/","title":{"rendered":"Politique de confidentialit\u00e9"},"content":{"rendered":"<style>.wp-block-kadence-advancedheading.kt-adv-heading3_aaec94-08, .wp-block-kadence-advancedheading.kt-adv-heading3_aaec94-08[data-kb-block=\"kb-adv-heading3_aaec94-08\"]{font-style:normal;}.wp-block-kadence-advancedheading.kt-adv-heading3_aaec94-08 mark.kt-highlight, .wp-block-kadence-advancedheading.kt-adv-heading3_aaec94-08[data-kb-block=\"kb-adv-heading3_aaec94-08\"] mark.kt-highlight{font-style:normal;color:#f76a0c;-webkit-box-decoration-break:clone;box-decoration-break:clone;padding-top:0px;padding-right:0px;padding-bottom:0px;padding-left:0px;}<\/style>\n<div class=\"kt-adv-heading3_aaec94-08 wp-block-kadence-advancedheading\" data-kb-block=\"kb-adv-heading3_aaec94-08\">Au\u00a0<strong>LABUBUHK<\/strong>[ <a href=\"https:\/\/luxaurabag.com\/fr\/?wmc-currency=EUR\" data-type=\"page\" data-id=\"2588\">https:\/\/luxaurabag.com\/<\/a> Dans le cadre de notre politique de confidentialit\u00e9, nous nous engageons \u00e0 prot\u00e9ger votre vie priv\u00e9e. La pr\u00e9sente politique de confidentialit\u00e9 d\u00e9crit la mani\u00e8re dont nous recueillons, utilisons, divulguons et prot\u00e9geons vos informations personnelles lorsque vous visitez notre magasin ou effectuez un achat chez nous. En utilisant nos services, vous acceptez les pratiques d\u00e9crites dans cette politique.<br><strong>1. Les informations que nous collectons<\/strong><br>1.1\u00a0<strong>Informations personnelles :<\/strong>\u00a0Lorsque vous passez une commande ou cr\u00e9ez un compte, nous pouvons recueillir certaines informations personnelles, telles que votre nom, votre adresse \u00e9lectronique, votre adresse de livraison, votre adresse de facturation et votre num\u00e9ro de t\u00e9l\u00e9phone.<br>1.2\u00a0<strong>Informations sur le paiement :<\/strong>\u00a0Nous recueillons et traitons les informations relatives au paiement, y compris les d\u00e9tails de la carte de cr\u00e9dit et d'autres informations relatives au mode de paiement, lorsque vous effectuez un achat. Toutefois, nous ne stockons ni ne conservons les informations relatives \u00e0 votre carte de paiement. Toutes les transactions de paiement sont trait\u00e9es en toute s\u00e9curit\u00e9 par des processeurs de paiement tiers.<br>1.3\u00a0<strong>Informations sur l'appareil :<\/strong>\u00a0Nous pouvons collecter des informations sur l'appareil que vous utilisez pour acc\u00e9der \u00e0 notre magasin, telles que votre adresse IP, votre type de navigateur, votre syst\u00e8me d'exploitation et d'autres d\u00e9tails techniques.<br>1.4\u00a0<strong>Cookies :<\/strong>\u00a0Notre site web utilise des \"cookies\" pour am\u00e9liorer votre exp\u00e9rience de navigation. Les cookies sont de petits fichiers de donn\u00e9es stock\u00e9s sur le navigateur de votre appareil qui nous aident \u00e0 m\u00e9moriser certaines informations sur votre visite et vos pr\u00e9f\u00e9rences. Vous pouvez choisir de rejeter les cookies ou d'\u00eatre alert\u00e9 lorsque des cookies sont envoy\u00e9s en modifiant les param\u00e8tres de votre navigateur.<br><strong>2. Comment nous utilisons vos informations<\/strong><br>2.1\u00a0<strong>Personnalisation :<\/strong>\u00a0Nous pouvons utiliser les informations que nous recueillons pour personnaliser votre exp\u00e9rience, am\u00e9liorer notre site web et vous fournir des recommandations et des promotions sur mesure.<br>2.2\u00a0<strong>Traitement des commandes :<\/strong>\u00a0Nous utilisons vos informations personnelles pour traiter et ex\u00e9cuter vos commandes, communiquer avec vous au sujet de vos achats et fournir une assistance \u00e0 la client\u00e8le.<br>2.3\u00a0<strong>Communications marketing :<\/strong>\u00a0Avec votre consentement, nous pouvons vous envoyer des courriels promotionnels ou des bulletins d'information sur nos produits, nos offres sp\u00e9ciales ou nos \u00e9v\u00e9nements \u00e0 venir. Vous pouvez \u00e0 tout moment refuser de recevoir des communications marketing en suivant les instructions de d\u00e9sabonnement fournies dans l'e-mail.<br>2.4\u00a0<strong>Conformit\u00e9 juridique :<\/strong>\u00a0Nous pouvons utiliser et divulguer vos informations personnelles pour nous conformer aux lois, r\u00e9glementations, proc\u00e9dures judiciaires ou demandes gouvernementales applicables.<br>2.5\u00a0<strong>Agr\u00e9gation de donn\u00e9es :<\/strong>\u00a0Nous pouvons anonymiser et regrouper vos informations personnelles avec d'autres donn\u00e9es afin d'analyser les tendances, de suivre les modes d'utilisation et d'am\u00e9liorer nos services.<br><strong>3. Divulgation d'informations<\/strong><br>3.1\u00a0<strong>Prestataires de services tiers :<\/strong>\u00a0Nous pouvons partager vos informations personnelles avec des fournisseurs de services tiers de confiance qui nous aident \u00e0 g\u00e9rer nos activit\u00e9s, tels que les transporteurs, les processeurs de paiement et les plateformes de marketing. Ces prestataires de services n'ont acc\u00e8s \u00e0 vos informations que pour effectuer des t\u00e2ches sp\u00e9cifiques en notre nom et sont tenus de prot\u00e9ger vos informations.<br>3.2\u00a0<strong>Exigences l\u00e9gales :<\/strong>\u00a0Nous pouvons divulguer vos informations personnelles si la loi l'exige ou en r\u00e9ponse \u00e0 des demandes l\u00e9gales valables, telles qu'une d\u00e9cision de justice ou une enqu\u00eate gouvernementale.<br>3.3\u00a0<strong>Transferts d'entreprise :<\/strong>\u00a0En cas de fusion, d'acquisition ou de vente de tout ou partie de nos actifs commerciaux, vos informations personnelles peuvent \u00eatre transf\u00e9r\u00e9es dans le cadre de la transaction. Nous vous informerons par courrier \u00e9lectronique ou par un avis bien visible sur notre site web de tout changement de propri\u00e9t\u00e9 ou de contr\u00f4le.<br><strong>4. S\u00e9curit\u00e9 des donn\u00e9es<\/strong><br>Nous mettons en \u0153uvre des mesures de s\u00e9curit\u00e9 raisonnables pour prot\u00e9ger vos informations personnelles contre l'acc\u00e8s, la divulgation, l'alt\u00e9ration ou la destruction non autoris\u00e9s. Toutefois, sachez qu'aucune m\u00e9thode de transmission sur l'internet ou de stockage \u00e9lectronique n'est 100% s\u00fbre.<br><strong>5. Vos droits et vos choix<\/strong><br>5.1\u00a0<strong>Acc\u00e8s et mise \u00e0 jour :<\/strong>\u00a0Vous avez le droit d'acc\u00e9der \u00e0 vos informations personnelles, de les corriger, de les mettre \u00e0 jour ou de les supprimer. Vous pouvez le faire en vous connectant \u00e0 votre compte ou en nous contactant directement.<br>5.2\u00a0<strong>Opt-Out :<\/strong>\u00a0Vous pouvez refuser de recevoir des communications marketing de notre part en suivant les instructions de d\u00e9sabonnement figurant dans nos courriels.<br>5.3\u00a0<strong>Ne pas suivre :<\/strong>\u00a0Notre magasin ne r\u00e9pond pas aux signaux \"Do Not Track\" des navigateurs.<br><strong>Modifications de la pr\u00e9sente politique de protection de la vie priv\u00e9e<\/strong><br><br>Nous nous r\u00e9servons le droit de mettre \u00e0 jour ou de modifier cette politique de confidentialit\u00e9 \u00e0 tout moment et sans pr\u00e9avis. Toute modification entrera en vigueur d\u00e8s sa publication dans le magasin. Il est de votre responsabilit\u00e9 de revoir p\u00e9riodiquement cette politique.<br>Si vous avez des questions ou des pr\u00e9occupations concernant notre politique de protection de la vie priv\u00e9e, veuillez nous contacter \u00e0 l'adresse suivante\u00a0<a href=\"mail:customer@luxaurabag.com\" target=\"_blank\" rel=\"noreferrer noopener\">customer@luxaurabag.com<\/a>. Nous sommes \u00e0 votre disposition pour vous aider et vous apporter des \u00e9claircissements.<\/div>\n\n\n\n<p><\/p>","protected":false},"excerpt":{"rendered":"<p>At\u00a0LABUBUHK[ https:\/\/luxaurabag.com\/ ], we are committed to protecting your privacy. This Privacy Policy describes how we collect, use, disclose, and protect your personal information when you visit our store or make a purchase from us. By using our services, you consent to the practices described in this policy.1. Information We Collect1.1\u00a0Personal Information:\u00a0When you place an&#8230;<\/p>","protected":false},"author":1,"featured_media":0,"parent":0,"menu_order":0,"comment_status":"closed","ping_status":"open","template":"","meta":{"_kad_blocks_custom_css":"","_kad_blocks_head_custom_js":"","_kad_blocks_body_custom_js":"","_kad_blocks_footer_custom_js":"","_kad_post_transparent":"","_kad_post_title":"","_kad_post_layout":"","_kad_post_sidebar_id":"","_kad_post_content_style":"","_kad_post_vertical_padding":"","_kad_post_feature":"","_kad_post_feature_position":"","_kad_post_header":false,"_kad_post_footer":false,"footnotes":""},"class_list":["post-3","page","type-page","status-publish","hentry"],"taxonomy_info":[],"featured_image_src_large":false,"author_info":{"display_name":"Jack koen","author_link":"https:\/\/luxaurabag.com\/fr\/author\/sdwzjt88outlook-com\/"},"comment_info":0,"_links":{"self":[{"href":"https:\/\/luxaurabag.com\/fr\/wp-json\/wp\/v2\/pages\/3","targetHints":{"allow":["GET"]}}],"collection":[{"href":"https:\/\/luxaurabag.com\/fr\/wp-json\/wp\/v2\/pages"}],"about":[{"href":"https:\/\/luxaurabag.com\/fr\/wp-json\/wp\/v2\/types\/page"}],"author":[{"embeddable":true,"href":"https:\/\/luxaurabag.com\/fr\/wp-json\/wp\/v2\/users\/1"}],"replies":[{"embeddable":true,"href":"https:\/\/luxaurabag.com\/fr\/wp-json\/wp\/v2\/comments?post=3"}],"version-history":[{"count":2,"href":"https:\/\/luxaurabag.com\/fr\/wp-json\/wp\/v2\/pages\/3\/revisions"}],"predecessor-version":[{"id":2654,"href":"https:\/\/luxaurabag.com\/fr\/wp-json\/wp\/v2\/pages\/3\/revisions\/2654"}],"wp:attachment":[{"href":"https:\/\/luxaurabag.com\/fr\/wp-json\/wp\/v2\/media?parent=3"}],"curies":[{"name":"wp","href":"https:\/\/api.w.org\/{rel}","templated":true}]}}