{"id":3372,"date":"2025-10-27T14:26:09","date_gmt":"2025-10-27T14:26:09","guid":{"rendered":"https:\/\/luxaurabag.com\/product\/bi-colour-zip-key-case-12-in-dark-grey-calfskin\/"},"modified":"2025-10-27T14:26:12","modified_gmt":"2025-10-27T14:26:12","slug":"bi-colour-zip-key-case-12-in-dark-grey-calfskin","status":"publish","type":"product","link":"https:\/\/luxaurabag.com\/fr\/produit\/bi-colour-zip-key-case-12-in-dark-grey-calfskin\/","title":{"rendered":"PORTE-CL\u00c9S ZIPP\u00c9 BICOLORE 12 EN CUIR DE VEAU GRIS FONC\u00c9"},"content":{"rendered":"","protected":false},"excerpt":{"rendered":"","protected":false},"featured_media":3371,"comment_status":"open","ping_status":"closed","template":"","meta":{"_kad_blocks_custom_css":"","_kad_blocks_head_custom_js":"","_kad_blocks_body_custom_js":"","_kad_blocks_footer_custom_js":"","_kad_post_transparent":"","_kad_post_title":"","_kad_post_layout":"","_kad_post_sidebar_id":"","_kad_post_content_style":"","_kad_post_vertical_padding":"","_kad_post_feature":"","_kad_post_feature_position":"","_kad_post_header":false,"_kad_post_footer":false},"product_brand":[],"product_cat":[78],"product_tag":[79,84],"class_list":{"0":"post-3372","1":"product","2":"type-product","3":"status-publish","4":"has-post-thumbnail","6":"product_cat-gucci-bags","7":"product_tag-gg-bag","8":"product_tag-gucci-bag-9-5-25","10":"first","11":"instock","12":"shipping-taxable","13":"purchasable","14":"product-type-simple","15":"entry","16":"content-bg","17":"loop-entry"},"taxonomy_info":{"product_cat":[{"value":78,"label":"Gucci Bags"}],"product_tag":[{"value":79,"label":"GG Bag"},{"value":84,"label":"Gucci Bag 9-5-25"}]},"featured_image_src_large":["https:\/\/luxaurabag.com\/wp-content\/uploads\/2025\/10\/img_89648692_20241224_i1735024798_6922_1_jpg.jpg",810,810,false],"author_info":[],"comment_info":0,"_links":{"self":[{"href":"https:\/\/luxaurabag.com\/fr\/wp-json\/wp\/v2\/product\/3372","targetHints":{"allow":["GET"]}}],"collection":[{"href":"https:\/\/luxaurabag.com\/fr\/wp-json\/wp\/v2\/product"}],"about":[{"href":"https:\/\/luxaurabag.com\/fr\/wp-json\/wp\/v2\/types\/product"}],"replies":[{"embeddable":true,"href":"https:\/\/luxaurabag.com\/fr\/wp-json\/wp\/v2\/comments?post=3372"}],"wp:featuredmedia":[{"embeddable":true,"href":"https:\/\/luxaurabag.com\/fr\/wp-json\/wp\/v2\/media\/3371"}],"wp:attachment":[{"href":"https:\/\/luxaurabag.com\/fr\/wp-json\/wp\/v2\/media?parent=3372"}],"wp:term":[{"taxonomy":"product_brand","embeddable":true,"href":"https:\/\/luxaurabag.com\/fr\/wp-json\/wp\/v2\/product_brand?post=3372"},{"taxonomy":"product_cat","embeddable":true,"href":"https:\/\/luxaurabag.com\/fr\/wp-json\/wp\/v2\/product_cat?post=3372"},{"taxonomy":"product_tag","embeddable":true,"href":"https:\/\/luxaurabag.com\/fr\/wp-json\/wp\/v2\/product_tag?post=3372"}],"curies":[{"name":"wp","href":"https:\/\/api.w.org\/{rel}","templated":true}]}}