{"id":3609,"date":"2025-10-27T14:29:24","date_gmt":"2025-10-27T14:29:24","guid":{"rendered":"https:\/\/luxaurabag.com\/product\/favorite-bag-24-in-beige-mix-green-monogram-soft-grained-cowhide\/"},"modified":"2025-10-27T14:29:31","modified_gmt":"2025-10-27T14:29:31","slug":"favorite-bag-24-in-beige-mix-green-monogram-soft-grained-cowhide","status":"publish","type":"product","link":"https:\/\/luxaurabag.com\/fr\/produit\/favorite-bag-24-in-beige-mix-green-monogram-soft-grained-cowhide\/","title":{"rendered":"SAC PR\u00c9F\u00c9R\u00c9 24 EN BEIGE MIX VERT MONOGRAMME CUIR DE VACHE GRAIN\u00c9 SOUPLE"},"content":{"rendered":"","protected":false},"excerpt":{"rendered":"","protected":false},"featured_media":3608,"comment_status":"open","ping_status":"closed","template":"","meta":{"_kad_blocks_custom_css":"","_kad_blocks_head_custom_js":"","_kad_blocks_body_custom_js":"","_kad_blocks_footer_custom_js":"","_kad_post_transparent":"","_kad_post_title":"","_kad_post_layout":"","_kad_post_sidebar_id":"","_kad_post_content_style":"","_kad_post_vertical_padding":"","_kad_post_feature":"","_kad_post_feature_position":"","_kad_post_header":false,"_kad_post_footer":false},"product_brand":[],"product_cat":[88],"product_tag":[89,92],"class_list":{"0":"post-3609","1":"product","2":"type-product","3":"status-publish","4":"has-post-thumbnail","6":"product_cat-lv-bags","7":"product_tag-lv-bag","8":"product_tag-lv-bag-12-5-25","10":"first","11":"instock","12":"shipping-taxable","13":"purchasable","14":"product-type-simple","15":"entry","16":"content-bg","17":"loop-entry"},"taxonomy_info":{"product_cat":[{"value":88,"label":"LV Bags"}],"product_tag":[{"value":89,"label":"LV Bag"},{"value":92,"label":"lv bag 12-5-25"}]},"featured_image_src_large":["https:\/\/luxaurabag.com\/wp-content\/uploads\/2025\/10\/img_2d10544c_20240422_i1713759728_4860_7_jpg.jpg",810,810,false],"author_info":[],"comment_info":0,"_links":{"self":[{"href":"https:\/\/luxaurabag.com\/fr\/wp-json\/wp\/v2\/product\/3609","targetHints":{"allow":["GET"]}}],"collection":[{"href":"https:\/\/luxaurabag.com\/fr\/wp-json\/wp\/v2\/product"}],"about":[{"href":"https:\/\/luxaurabag.com\/fr\/wp-json\/wp\/v2\/types\/product"}],"replies":[{"embeddable":true,"href":"https:\/\/luxaurabag.com\/fr\/wp-json\/wp\/v2\/comments?post=3609"}],"wp:featuredmedia":[{"embeddable":true,"href":"https:\/\/luxaurabag.com\/fr\/wp-json\/wp\/v2\/media\/3608"}],"wp:attachment":[{"href":"https:\/\/luxaurabag.com\/fr\/wp-json\/wp\/v2\/media?parent=3609"}],"wp:term":[{"taxonomy":"product_brand","embeddable":true,"href":"https:\/\/luxaurabag.com\/fr\/wp-json\/wp\/v2\/product_brand?post=3609"},{"taxonomy":"product_cat","embeddable":true,"href":"https:\/\/luxaurabag.com\/fr\/wp-json\/wp\/v2\/product_cat?post=3609"},{"taxonomy":"product_tag","embeddable":true,"href":"https:\/\/luxaurabag.com\/fr\/wp-json\/wp\/v2\/product_tag?post=3609"}],"curies":[{"name":"wp","href":"https:\/\/api.w.org\/{rel}","templated":true}]}}